{"id":285,"date":"2024-07-01T16:36:57","date_gmt":"2024-07-01T19:36:57","guid":{"rendered":"https:\/\/imovelemordem.com.br\/novo-2\/?page_id=285"},"modified":"2024-07-10T11:00:25","modified_gmt":"2024-07-10T14:00:25","slug":"quem-somos","status":"publish","type":"page","link":"https:\/\/imovelemordem.com.br\/novo-2\/quem-somos\/","title":{"rendered":"Quem Somos"},"content":{"rendered":"\t\t<div data-elementor-type=\"wp-page\" data-elementor-id=\"285\" class=\"elementor elementor-285\" data-elementor-post-type=\"page\">\n\t\t\t\t<div class=\"elementor-element elementor-element-12e9a0a4 elementor-hidden-desktop elementor-hidden-tablet elementor-hidden-mobile e-flex e-con-boxed e-con e-parent\" data-id=\"12e9a0a4\" data-element_type=\"container\" data-e-type=\"container\" data-settings=\"{&quot;background_background&quot;:&quot;classic&quot;}\">\n\t\t\t\t\t<div class=\"e-con-inner\">\n\t\t<div class=\"elementor-element elementor-element-44aa066f e-con-full e-flex e-con e-child\" data-id=\"44aa066f\" data-element_type=\"container\" data-e-type=\"container\">\n\t\t\t\t<div class=\"elementor-element elementor-element-732f01cf elementor-widget elementor-widget-spacer\" data-id=\"732f01cf\" data-element_type=\"widget\" data-e-type=\"widget\" data-widget_type=\"spacer.default\">\n\t\t\t\t<div class=\"elementor-widget-container\">\n\t\t\t\t\t\t\t<div class=\"elementor-spacer\">\n\t\t\t<div class=\"elementor-spacer-inner\"><\/div>\n\t\t<\/div>\n\t\t\t\t\t\t<\/div>\n\t\t\t\t<\/div>\n\t\t\t\t<div class=\"elementor-element elementor-element-58f7aa0 elementor-hidden-desktop elementor-hidden-tablet elementor-widget elementor-widget-text-editor\" data-id=\"58f7aa0\" data-element_type=\"widget\" data-e-type=\"widget\" data-widget_type=\"text-editor.default\">\n\t\t\t\t<div class=\"elementor-widget-container\">\n\t\t\t\t\t\t\t\t\tO <span style=\"color: #2d82b5\"> manual de seu im\u00f3vel <\/span> nas suas m\u00e3os, onde e quando quiser\t\t\t\t\t\t\t\t<\/div>\n\t\t\t\t<\/div>\n\t\t\t\t<div class=\"elementor-element elementor-element-55f2a541 elementor-hidden-desktop elementor-hidden-tablet elementor-widget elementor-widget-button\" data-id=\"55f2a541\" data-element_type=\"widget\" data-e-type=\"widget\" data-widget_type=\"button.default\">\n\t\t\t\t<div class=\"elementor-widget-container\">\n\t\t\t\t\t\t\t\t\t<div class=\"elementor-button-wrapper\">\n\t\t\t\t\t<a class=\"elementor-button elementor-button-link elementor-size-sm\" href=\"#\">\n\t\t\t\t\t\t<span class=\"elementor-button-content-wrapper\">\n\t\t\t\t\t\t\t\t\t<span class=\"elementor-button-text\">Solicite um Or\u00e7amento<\/span>\n\t\t\t\t\t<\/span>\n\t\t\t\t\t<\/a>\n\t\t\t\t<\/div>\n\t\t\t\t\t\t\t\t<\/div>\n\t\t\t\t<\/div>\n\t\t\t\t<\/div>\n\t\t<div class=\"elementor-element elementor-element-4641fca e-con-full elementor-hidden-mobile e-flex e-con e-child\" data-id=\"4641fca\" data-element_type=\"container\" data-e-type=\"container\">\n\t\t\t\t<div class=\"elementor-element elementor-element-2dcd4fe elementor-widget elementor-widget-text-editor\" data-id=\"2dcd4fe\" data-element_type=\"widget\" data-e-type=\"widget\" data-widget_type=\"text-editor.default\">\n\t\t\t\t<div class=\"elementor-widget-container\">\n\t\t\t\t\t\t\t\t\tO <span style=\"color: #2d82b5\"> manual de seu im\u00f3vel <\/span> nas suas m\u00e3os, onde e quando quiser\t\t\t\t\t\t\t\t<\/div>\n\t\t\t\t<\/div>\n\t\t\t\t<div class=\"elementor-element elementor-element-f2cf4f0 elementor-align-left elementor-widget elementor-widget-button\" data-id=\"f2cf4f0\" data-element_type=\"widget\" data-e-type=\"widget\" data-widget_type=\"button.default\">\n\t\t\t\t<div class=\"elementor-widget-container\">\n\t\t\t\t\t\t\t\t\t<div class=\"elementor-button-wrapper\">\n\t\t\t\t\t<a class=\"elementor-button elementor-button-link elementor-size-sm\" href=\"#\">\n\t\t\t\t\t\t<span class=\"elementor-button-content-wrapper\">\n\t\t\t\t\t\t\t\t\t<span class=\"elementor-button-text\">Solicite um or\u00e7amento<\/span>\n\t\t\t\t\t<\/span>\n\t\t\t\t\t<\/a>\n\t\t\t\t<\/div>\n\t\t\t\t\t\t\t\t<\/div>\n\t\t\t\t<\/div>\n\t\t\t\t<\/div>\n\t\t\t\t\t<\/div>\n\t\t\t\t<\/div>\n\t\t<div class=\"elementor-element elementor-element-54370cc e-flex e-con-boxed e-con e-parent\" data-id=\"54370cc\" data-element_type=\"container\" data-e-type=\"container\">\n\t\t\t\t\t<div class=\"e-con-inner\">\n\t\t\t\t<div class=\"elementor-element elementor-element-7d31d14 elementor-widget elementor-widget-heading\" data-id=\"7d31d14\" data-element_type=\"widget\" data-e-type=\"widget\" data-widget_type=\"heading.default\">\n\t\t\t\t<div class=\"elementor-widget-container\">\n\t\t\t\t\t<h2 class=\"elementor-heading-title elementor-size-default\">QUEM SOMOS<\/h2>\t\t\t\t<\/div>\n\t\t\t\t<\/div>\n\t\t\t\t\t<\/div>\n\t\t\t\t<\/div>\n\t\t<div class=\"elementor-element elementor-element-2cc6d40 e-flex e-con-boxed e-con e-parent\" data-id=\"2cc6d40\" data-element_type=\"container\" data-e-type=\"container\" data-settings=\"{&quot;background_background&quot;:&quot;classic&quot;}\">\n\t\t\t\t\t<div class=\"e-con-inner\">\n\t\t<div class=\"elementor-element elementor-element-ccda546 e-con-full e-flex e-con e-child\" data-id=\"ccda546\" data-element_type=\"container\" data-e-type=\"container\">\n\t\t\t\t<div class=\"elementor-element elementor-element-18532f6 elementor-widget elementor-widget-text-editor\" data-id=\"18532f6\" data-element_type=\"widget\" data-e-type=\"widget\" data-widget_type=\"text-editor.default\">\n\t\t\t\t<div class=\"elementor-widget-container\">\n\t\t\t\t\t\t\t\t\t<p>A\u00a0<strong>RSO ASSESSORIA<\/strong>,\u00a0desde 1994, atua na assessoria a incorporadoras, construtoras, escrit\u00f3rios de projetos, onde somos especialistas e provedor das melhores solu\u00e7\u00f5es para elabora\u00e7\u00e3o e distribui\u00e7\u00e3o de manual do propriet\u00e1rio.<\/p><p>Nosso conhecimento vem da participa\u00e7\u00e3o e coordena\u00e7\u00e3o dos principais trabalhos que regem as regras desta fase da incorpora\u00e7\u00e3o, onde visando o atendimento as necessidades de nossos clientes criamos ferramentas que vem possibilitam o acesso \u00e0 informa\u00e7\u00e3o a qualquer momento e local por meio do portal\u00a0<strong>IM\u00d3VEL EM ORDEM<\/strong>.<\/p>\t\t\t\t\t\t\t\t<\/div>\n\t\t\t\t<\/div>\n\t\t\t\t<\/div>\n\t\t<div class=\"elementor-element elementor-element-a2b3168 e-con-full e-flex e-con e-child\" data-id=\"a2b3168\" data-element_type=\"container\" data-e-type=\"container\">\n\t\t\t\t<div class=\"elementor-element elementor-element-c529a26 elementor-widget elementor-widget-heading\" data-id=\"c529a26\" data-element_type=\"widget\" data-e-type=\"widget\" data-widget_type=\"heading.default\">\n\t\t\t\t<div class=\"elementor-widget-container\">\n\t\t\t\t\t<h2 class=\"elementor-heading-title elementor-size-default\">Portal Im\u00f3vel em Ordem<\/h2>\t\t\t\t<\/div>\n\t\t\t\t<\/div>\n\t\t\t\t<div class=\"elementor-element elementor-element-fefad83 elementor-widget elementor-widget-text-editor\" data-id=\"fefad83\" data-element_type=\"widget\" data-e-type=\"widget\" data-widget_type=\"text-editor.default\">\n\t\t\t\t<div class=\"elementor-widget-container\">\n\t\t\t\t\t\t\t\t\t<p>O portal\u00a0<strong>IM\u00d3VEL EM ORDEM<\/strong>\u00a0possibilita acesso aos manuais do propriet\u00e1rio, plantas de orienta\u00e7\u00e3o de fura\u00e7\u00f5es, v\u00eddeos instrutivos de uso das unidades privativas e diversas ferramentas para a gest\u00e3o do empreendimento e das unidades. Tamb\u00e9m os manuais das \u00e1reas comuns voltados aos s\u00edndicos para acesso as informa\u00e7\u00f5es necess\u00e1rias para melhoria de sua gest\u00e3o, n\u00e3o comprometimento das garantias e implementa\u00e7\u00e3o das manuten\u00e7\u00f5es conforme normaliza\u00e7\u00e3o.<\/p>\t\t\t\t\t\t\t\t<\/div>\n\t\t\t\t<\/div>\n\t\t\t\t<div class=\"elementor-element elementor-element-4603f21 elementor-hidden-desktop elementor-hidden-tablet elementor-hidden-mobile elementor-widget elementor-widget-image\" data-id=\"4603f21\" data-element_type=\"widget\" data-e-type=\"widget\" data-widget_type=\"image.default\">\n\t\t\t\t<div class=\"elementor-widget-container\">\n\t\t\t\t\t\t\t\t\t\t\t\t\t\t\t<img decoding=\"async\" width=\"275\" height=\"154\" src=\"https:\/\/imovelemordem.com.br\/novo-2\/wp-content\/uploads\/2024\/07\/logo-2.png\" class=\"attachment-large size-large wp-image-614\" alt=\"\" \/>\t\t\t\t\t\t\t\t\t\t\t\t\t\t\t<\/div>\n\t\t\t\t<\/div>\n\t\t\t\t<\/div>\n\t\t\t\t\t<\/div>\n\t\t\t\t<\/div>\n\t\t<div class=\"elementor-element elementor-element-dd86e98 e-flex e-con-boxed e-con e-parent\" data-id=\"dd86e98\" data-element_type=\"container\" data-e-type=\"container\" data-settings=\"{&quot;background_background&quot;:&quot;classic&quot;}\">\n\t\t\t\t\t<div class=\"e-con-inner\">\n\t\t<div class=\"elementor-element elementor-element-3cf44b1 e-con-full e-flex e-con e-child\" data-id=\"3cf44b1\" data-element_type=\"container\" data-e-type=\"container\">\n\t\t\t\t<div class=\"elementor-element elementor-element-de60111 elementor-widget elementor-widget-text-editor\" data-id=\"de60111\" data-element_type=\"widget\" data-e-type=\"widget\" data-widget_type=\"text-editor.default\">\n\t\t\t\t<div class=\"elementor-widget-container\">\n\t\t\t\t\t\t\t\t\t<p>Ciente das min\u00facias jur\u00eddicas que recaem sobre as incorporadoras, no momento da entrega e gest\u00e3o do p\u00f3s entrega de seus empreendimentos, com responsabilidades sobre garantias, regras de uso nossas solu\u00e7\u00f5es s\u00e3o alinhadas o que h\u00e1 de mais atual em normaliza\u00e7\u00e3o e legisla\u00e7\u00e3o sobre o tema.<\/p><p>Desenvolvemos manuais personalizados, escrito pelo especialista do assunto pessoalmente, alinhados as regras atuais visando mitigar passivos jur\u00eddicos, onde esclarecemos que os gastos na neglig\u00eancia ser\u00e3o, com certeza, muito maiores que o investimento em um bom trabalho no momento da entrega. Nossos manuais possuem\u00a0minuta de plano de manuten\u00e7\u00e3o, alinhado a normaliza\u00e7\u00e3o sobre o tema.\u00a0<strong>ABNT NBR 15575 e ABNT NBR 5674<\/strong>.<\/p>\t\t\t\t\t\t\t\t<\/div>\n\t\t\t\t<\/div>\n\t\t\t\t<\/div>\n\t\t<div class=\"elementor-element elementor-element-a40e28c e-con-full e-flex e-con e-child\" data-id=\"a40e28c\" data-element_type=\"container\" data-e-type=\"container\">\n\t\t\t\t<div class=\"elementor-element elementor-element-7e9f4c6 elementor-widget elementor-widget-text-editor\" data-id=\"7e9f4c6\" data-element_type=\"widget\" data-e-type=\"widget\" data-widget_type=\"text-editor.default\">\n\t\t\t\t<div class=\"elementor-widget-container\">\n\t\t\t\t\t\t\t\t\t<p>Al\u00e9m dos aspectos legais do manual, cada sistema do edif\u00edcio ter\u00e1 um cap\u00edtulo com descri\u00e7\u00e3o do sistema, cuidados no uso, minuta de plano de manuten\u00e7\u00e3o, a\u00e7\u00f5es que comprometem a garantia<\/p><p>O seu investimento conosco n\u00e3o ser\u00e1 maior que o praticado em mercado, pois adequamos nossos processos internos para garantir e melhorar constantemente nossa efici\u00eancia em prazo, qualidade e valores e gerando o melhor custo benef\u00edcio em sua contrata\u00e7\u00e3o.<\/p><p>Durante a elabora\u00e7\u00e3o dos manuais, haver\u00e1 assessoramento quanto atendimento a norma ABNT NBR 15575, Norma de Desempenho.<\/p><p><strong>Atuamos nos segmentos residenciais, comerciais, galp\u00f5es e shopping center e possu\u00edmos processos para atendimento a empreendimentos em todo territ\u00f3rio nacional.<\/strong><\/p>\t\t\t\t\t\t\t\t<\/div>\n\t\t\t\t<\/div>\n\t\t\t\t<\/div>\n\t\t\t\t\t<\/div>\n\t\t\t\t<\/div>\n\t\t<div class=\"elementor-element elementor-element-fc806dd e-flex e-con-boxed e-con e-parent\" data-id=\"fc806dd\" data-element_type=\"container\" data-e-type=\"container\" data-settings=\"{&quot;background_background&quot;:&quot;classic&quot;}\">\n\t\t\t\t\t<div class=\"e-con-inner\">\n\t\t<div class=\"elementor-element elementor-element-c9e4577 e-con-full e-flex e-con e-child\" data-id=\"c9e4577\" data-element_type=\"container\" data-e-type=\"container\">\n\t\t\t\t<div class=\"elementor-element elementor-element-5798eb0 elementor-widget elementor-widget-image\" data-id=\"5798eb0\" data-element_type=\"widget\" data-e-type=\"widget\" data-widget_type=\"image.default\">\n\t\t\t\t<div class=\"elementor-widget-container\">\n\t\t\t\t\t\t\t\t\t\t\t\t\t\t\t<img fetchpriority=\"high\" decoding=\"async\" width=\"607\" height=\"256\" src=\"https:\/\/imovelemordem.com.br\/novo-2\/wp-content\/uploads\/2024\/07\/portal.jpg\" class=\"attachment-large size-large wp-image-292\" alt=\"\" srcset=\"https:\/\/imovelemordem.com.br\/novo-2\/wp-content\/uploads\/2024\/07\/portal.jpg 607w, https:\/\/imovelemordem.com.br\/novo-2\/wp-content\/uploads\/2024\/07\/portal-300x127.jpg 300w\" sizes=\"(max-width: 607px) 100vw, 607px\" \/>\t\t\t\t\t\t\t\t\t\t\t\t\t\t\t<\/div>\n\t\t\t\t<\/div>\n\t\t\t\t<\/div>\n\t\t\t\t\t<\/div>\n\t\t\t\t<\/div>\n\t\t<div class=\"elementor-element elementor-element-48f34bf e-flex e-con-boxed e-con e-parent\" data-id=\"48f34bf\" data-element_type=\"container\" data-e-type=\"container\" data-settings=\"{&quot;background_background&quot;:&quot;classic&quot;}\">\n\t\t\t\t\t<div class=\"e-con-inner\">\n\t\t<div class=\"elementor-element elementor-element-7d5a2a6 e-con-full e-flex e-con e-child\" data-id=\"7d5a2a6\" data-element_type=\"container\" data-e-type=\"container\">\n\t\t\t\t<div class=\"elementor-element elementor-element-57fa3c4 elementor-widget elementor-widget-text-editor\" data-id=\"57fa3c4\" data-element_type=\"widget\" data-e-type=\"widget\" data-widget_type=\"text-editor.default\">\n\t\t\t\t<div class=\"elementor-widget-container\">\n\t\t\t\t\t\t\t\t\t<p>Nosso diretor Ronaldo S\u00e1\u00a0Oliveira, \u00e9 especialista em normaliza\u00e7\u00e3o atuando em mais de uma centena de comiss\u00e7\u00f5es t\u00e9cnicas nos \u00faltimos anos, dentre as quais ABNT NBR 14037: norma de manuais de entrega; ABNT NBR 5674: norma de gest\u00e3o da manuten\u00e7\u00e3o; ABNT 16280: norma de reforma (autor do texto base); ABNT NBR 15575: norma de desempenho, ABNT NBR 16747 \u2013 norma sobre inspe\u00e7\u00e3o predial etc. O qual ministra cursos e palestras sobre os temas em todo Brasil.<\/p>\t\t\t\t\t\t\t\t<\/div>\n\t\t\t\t<\/div>\n\t\t\t\t<\/div>\n\t\t<div class=\"elementor-element elementor-element-e4e7080 e-con-full e-flex e-con e-child\" data-id=\"e4e7080\" data-element_type=\"container\" data-e-type=\"container\">\n\t\t\t\t<div class=\"elementor-element elementor-element-ce73e83 elementor-widget elementor-widget-image\" data-id=\"ce73e83\" data-element_type=\"widget\" data-e-type=\"widget\" data-widget_type=\"image.default\">\n\t\t\t\t<div class=\"elementor-widget-container\">\n\t\t\t\t\t\t\t\t\t\t\t\t\t\t\t<img decoding=\"async\" width=\"220\" height=\"220\" src=\"https:\/\/imovelemordem.com.br\/novo-2\/wp-content\/uploads\/2024\/07\/ronaldo.jpg\" class=\"attachment-large size-large wp-image-296\" alt=\"\" srcset=\"https:\/\/imovelemordem.com.br\/novo-2\/wp-content\/uploads\/2024\/07\/ronaldo.jpg 220w, https:\/\/imovelemordem.com.br\/novo-2\/wp-content\/uploads\/2024\/07\/ronaldo-150x150.jpg 150w\" sizes=\"(max-width: 220px) 100vw, 220px\" \/>\t\t\t\t\t\t\t\t\t\t\t\t\t\t\t<\/div>\n\t\t\t\t<\/div>\n\t\t\t\t<\/div>\n\t\t\t\t\t<\/div>\n\t\t\t\t<\/div>\n\t\t\t\t<\/div>\n\t\t","protected":false},"excerpt":{"rendered":"<p>O manual de seu im\u00f3vel nas suas m\u00e3os, onde e quando quiser Solicite um Or\u00e7amento O manual de seu im\u00f3vel [&hellip;]<\/p>\n","protected":false},"author":1,"featured_media":0,"parent":0,"menu_order":0,"comment_status":"closed","ping_status":"closed","template":"elementor_header_footer","meta":{"site-sidebar-layout":"no-sidebar","site-content-layout":"","ast-site-content-layout":"full-width-container","site-content-style":"default","site-sidebar-style":"default","ast-global-header-display":"","ast-banner-title-visibility":"","ast-main-header-display":"","ast-hfb-above-header-display":"","ast-hfb-below-header-display":"","ast-hfb-mobile-header-display":"","site-post-title":"disabled","ast-breadcrumbs-content":"","ast-featured-img":"disabled","footer-sml-layout":"","theme-transparent-header-meta":"","adv-header-id-meta":"","stick-header-meta":"","header-above-stick-meta":"","header-main-stick-meta":"","header-below-stick-meta":"","astra-migrate-meta-layouts":"default","ast-page-background-enabled":"default","ast-page-background-meta":{"desktop":{"background-color":"var(--ast-global-color-4)","background-image":"","background-repeat":"repeat","background-position":"center center","background-size":"auto","background-attachment":"scroll","background-type":"","background-media":"","overlay-type":"","overlay-color":"","overlay-opacity":"","overlay-gradient":""},"tablet":{"background-color":"","background-image":"","background-repeat":"repeat","background-position":"center center","background-size":"auto","background-attachment":"scroll","background-type":"","background-media":"","overlay-type":"","overlay-color":"","overlay-opacity":"","overlay-gradient":""},"mobile":{"background-color":"","background-image":"","background-repeat":"repeat","background-position":"center center","background-size":"auto","background-attachment":"scroll","background-type":"","background-media":"","overlay-type":"","overlay-color":"","overlay-opacity":"","overlay-gradient":""}},"ast-content-background-meta":{"desktop":{"background-color":"var(--ast-global-color-5)","background-image":"","background-repeat":"repeat","background-position":"center center","background-size":"auto","background-attachment":"scroll","background-type":"","background-media":"","overlay-type":"","overlay-color":"","overlay-opacity":"","overlay-gradient":""},"tablet":{"background-color":"var(--ast-global-color-5)","background-image":"","background-repeat":"repeat","background-position":"center center","background-size":"auto","background-attachment":"scroll","background-type":"","background-media":"","overlay-type":"","overlay-color":"","overlay-opacity":"","overlay-gradient":""},"mobile":{"background-color":"var(--ast-global-color-5)","background-image":"","background-repeat":"repeat","background-position":"center center","background-size":"auto","background-attachment":"scroll","background-type":"","background-media":"","overlay-type":"","overlay-color":"","overlay-opacity":"","overlay-gradient":""}},"_joinchat":[],"footnotes":""},"class_list":["post-285","page","type-page","status-publish","hentry"],"_links":{"self":[{"href":"https:\/\/imovelemordem.com.br\/novo-2\/wp-json\/wp\/v2\/pages\/285","targetHints":{"allow":["GET"]}}],"collection":[{"href":"https:\/\/imovelemordem.com.br\/novo-2\/wp-json\/wp\/v2\/pages"}],"about":[{"href":"https:\/\/imovelemordem.com.br\/novo-2\/wp-json\/wp\/v2\/types\/page"}],"author":[{"embeddable":true,"href":"https:\/\/imovelemordem.com.br\/novo-2\/wp-json\/wp\/v2\/users\/1"}],"replies":[{"embeddable":true,"href":"https:\/\/imovelemordem.com.br\/novo-2\/wp-json\/wp\/v2\/comments?post=285"}],"version-history":[{"count":43,"href":"https:\/\/imovelemordem.com.br\/novo-2\/wp-json\/wp\/v2\/pages\/285\/revisions"}],"predecessor-version":[{"id":842,"href":"https:\/\/imovelemordem.com.br\/novo-2\/wp-json\/wp\/v2\/pages\/285\/revisions\/842"}],"wp:attachment":[{"href":"https:\/\/imovelemordem.com.br\/novo-2\/wp-json\/wp\/v2\/media?parent=285"}],"curies":[{"name":"wp","href":"https:\/\/api.w.org\/{rel}","templated":true}]}}